{"id":3987,"date":"2025-08-16T05:02:40","date_gmt":"2025-08-16T03:02:40","guid":{"rendered":"https:\/\/wowmomretreat.com\/\/\/?page_id=3987"},"modified":"2025-08-16T05:29:50","modified_gmt":"2025-08-16T03:29:50","slug":"mentions-legales","status":"publish","type":"page","link":"https:\/\/wowmomretreat.com\/index.php\/mentions-legales\/","title":{"rendered":"Mentions L\u00e9gales \u2013 WOWMOM"},"content":{"rendered":"\t\t<div data-elementor-type=\"wp-page\" data-elementor-id=\"3987\" class=\"elementor elementor-3987\">\n\t\t\t\t<div class=\"elementor-element elementor-element-4eecd6b0 e-flex e-con-boxed e-con e-parent\" data-id=\"4eecd6b0\" data-element_type=\"container\" data-settings=\"{&quot;_ob_use_container_extras&quot;:&quot;no&quot;,&quot;_ob_column_hoveranimator&quot;:&quot;no&quot;,&quot;_ob_glider_is_slider&quot;:&quot;no&quot;,&quot;_ob_column_has_pseudo&quot;:&quot;no&quot;}\">\n\t\t\t\t\t<div class=\"e-con-inner\">\n\t\t\t\t<div class=\"elementor-element elementor-element-12eebb54 ob-harakiri-inherit ob-has-background-overlay elementor-widget elementor-widget-text-editor\" data-id=\"12eebb54\" data-element_type=\"widget\" data-settings=\"{&quot;_ob_use_harakiri&quot;:&quot;yes&quot;,&quot;_ob_harakiri_writing_mode&quot;:&quot;inherit&quot;,&quot;_ob_postman_use&quot;:&quot;no&quot;,&quot;_ob_perspektive_use&quot;:&quot;no&quot;,&quot;_ob_poopart_use&quot;:&quot;yes&quot;,&quot;_ob_shadough_use&quot;:&quot;no&quot;,&quot;_ob_allow_hoveranimator&quot;:&quot;no&quot;,&quot;_ob_widget_stalker_use&quot;:&quot;no&quot;}\" data-widget_type=\"text-editor.default\">\n\t\t\t\t\t\t\t\t\t<h2><b>Mentions L\u00e9gales \u2013 WOWMOM<\/b><\/h2><p>\u00a0<\/p><p><b>Derni\u00e8re mise \u00e0 jour : Ao\u00fbt 2025<\/b><\/p><p><span style=\"font-weight: 400;\">Conform\u00e9ment aux l\u00e9gislations en vigueur sur le commerce \u00e9lectronique et la protection des donn\u00e9es, voici les informations l\u00e9gales du site <\/span><b>www.wowmomretreat.com<\/b><span style=\"font-weight: 400;\">.<\/span><\/p><h3><b>1. \u00c9diteur du site<\/b><\/h3><p><b>MAD AGENCY SUARL<\/b><b><br \/><\/b><span style=\"font-weight: 400;\">WOWMOM \u2013 MAD AGENCY SUARL<\/span><span style=\"font-weight: 400;\"><br \/><\/span><span style=\"font-weight: 400;\">R\u00e9sidence Adja Mai &#8211; Rue 96 Ngor Almadies &#8211; DAKAR &#8211; S\u00c9N\u00c9GAL<\/span><span style=\"font-weight: 400;\"><br \/><\/span><span style=\"font-weight: 400;\">retraite.wowmom@gmail.com<\/span><span style=\"font-weight: 400;\"><br \/><\/span><span style=\"font-weight: 400;\">RRCCM SN DKR 2025B10368<\/span><\/p><h3><b>2. H\u00e9bergement<\/b><\/h3><p><span style=\"font-weight: 400;\">Le site <\/span><b>www.wowmomretreat.com<\/b><span style=\"font-weight: 400;\"> est h\u00e9berg\u00e9 par :<\/span><\/p><p><b>[Nom de l\u2019h\u00e9bergeur]<\/b><b><br \/><\/b><span style=\"font-weight: 400;\"> [Adresse compl\u00e8te de l\u2019h\u00e9bergeur]<\/span><span style=\"font-weight: 400;\"><br \/><\/span><span style=\"font-weight: 400;\"> [URL de l\u2019h\u00e9bergeur]<\/span><\/p><h3><b>3. Responsable de publication<\/b><\/h3><p><span style=\"font-weight: 400;\">La directrice de la publication est :<\/span><span style=\"font-weight: 400;\"><br \/><\/span> <b>MAD AGENCY SUARL<\/b><span style=\"font-weight: 400;\">, repr\u00e9sentante l\u00e9gale de WOWMOM<\/span><\/p><h3><b>4. Propri\u00e9t\u00e9 intellectuelle<\/b><\/h3><p><span style=\"font-weight: 400;\">L\u2019ensemble du site <\/span><b>www.wowmomretreat.com<\/b><span style=\"font-weight: 400;\"> (textes, images, vid\u00e9os, graphismes, logos) est la <\/span><b>propri\u00e9t\u00e9 exclusive de WOWMOM<\/b><span style=\"font-weight: 400;\">, sauf mentions contraires.<\/span><\/p><ul><li style=\"font-weight: 400;\" aria-level=\"1\"><span style=\"font-weight: 400;\">Toute <\/span><b>reproduction, modification, distribution ou exploitation<\/b><span style=\"font-weight: 400;\"> non autoris\u00e9e est strictement interdite.<\/span><\/li><li style=\"font-weight: 400;\" aria-level=\"1\"><span style=\"font-weight: 400;\">Les <\/span><b>marques et logos<\/b><span style=\"font-weight: 400;\"> figurant sur le site sont prot\u00e9g\u00e9s.<\/span><span style=\"font-weight: 400;\"><br \/><br \/><\/span><\/li><\/ul><h3><b>5. Donn\u00e9es personnelles<\/b><\/h3><p><span style=\"font-weight: 400;\">Conform\u00e9ment aux lois locales et au <\/span><b>RGPD<\/b><span style=\"font-weight: 400;\">, vos donn\u00e9es sont collect\u00e9es et trait\u00e9es pour :<\/span><\/p><ul><li style=\"font-weight: 400;\" aria-level=\"1\"><span style=\"font-weight: 400;\">g\u00e9rer vos commandes et inscriptions,<\/span><\/li><li style=\"font-weight: 400;\" aria-level=\"1\"><span style=\"font-weight: 400;\">vous informer de nos services,<\/span><\/li><li style=\"font-weight: 400;\" aria-level=\"1\"><span style=\"font-weight: 400;\">assurer la s\u00e9curit\u00e9 du site.<\/span><span style=\"font-weight: 400;\"><br \/><br \/><\/span><\/li><\/ul><p><span style=\"font-weight: 400;\">Pour en savoir plus sur vos droits, consultez notre <\/span><b>Politique de Confidentialit\u00e9<\/b><span style=\"font-weight: 400;\">.<\/span><\/p><h3><b>6. Cookies<\/b><\/h3><p><span style=\"font-weight: 400;\">Le site utilise des <\/span><b>cookies<\/b><span style=\"font-weight: 400;\"> pour :<\/span><\/p><ul><li style=\"font-weight: 400;\" aria-level=\"1\"><span style=\"font-weight: 400;\">am\u00e9liorer votre navigation,<\/span><\/li><li style=\"font-weight: 400;\" aria-level=\"1\"><span style=\"font-weight: 400;\">mesurer l\u2019audience,<\/span><\/li><li style=\"font-weight: 400;\" aria-level=\"1\"><span style=\"font-weight: 400;\">personnaliser votre exp\u00e9rience.<\/span><span style=\"font-weight: 400;\"><br \/><br \/><\/span><\/li><\/ul><p><span style=\"font-weight: 400;\">Vous pouvez g\u00e9rer vos pr\u00e9f\u00e9rences via les param\u00e8tres de votre navigateur.<\/span><\/p><h3><b>7. Limitation de responsabilit\u00e9<\/b><\/h3><p><span style=\"font-weight: 400;\">WOWMOM met tout en \u0153uvre pour :<\/span><\/p><ul><li style=\"font-weight: 400;\" aria-level=\"1\"><b>assurer la fiabilit\u00e9 des informations<\/b><span style=\"font-weight: 400;\"> sur le site,<\/span><\/li><li style=\"font-weight: 400;\" aria-level=\"1\"><b>maintenir la disponibilit\u00e9 du site<\/b><span style=\"font-weight: 400;\">.<\/span><span style=\"font-weight: 400;\"><br \/><br \/><\/span><\/li><\/ul><p><span style=\"font-weight: 400;\">Cependant, nous ne pouvons \u00eatre tenus responsables :<\/span><\/p><ul><li style=\"font-weight: 400;\" aria-level=\"1\"><span style=\"font-weight: 400;\">d\u2019\u00e9ventuelles erreurs ou omissions,<\/span><\/li><li style=\"font-weight: 400;\" aria-level=\"1\"><span style=\"font-weight: 400;\">d\u2019interruptions du site pour maintenance,<\/span><\/li><li style=\"font-weight: 400;\" aria-level=\"1\"><span style=\"font-weight: 400;\">de tout dommage li\u00e9 \u00e0 l\u2019utilisation du site ou \u00e0 des attaques ext\u00e9rieures.<\/span><span style=\"font-weight: 400;\"><br \/><br \/><\/span><\/li><\/ul><h3><b>8. Droit applicable<\/b><\/h3><p><span style=\"font-weight: 400;\">Le pr\u00e9sent site et ses mentions l\u00e9gales sont soumis au <\/span><b>droit s\u00e9n\u00e9galais<\/b><span style=\"font-weight: 400;\">.<\/span><span style=\"font-weight: 400;\"><br \/><\/span><span style=\"font-weight: 400;\"> En cas de litige, les tribunaux comp\u00e9tents seront ceux de <\/span><b>Dakar (S\u00c9N\u00c9GAL)<\/b><span style=\"font-weight: 400;\">.<\/span><\/p>\t\t\t\t\t\t\t\t<\/div>\n\t\t\t\t\t<\/div>\n\t\t\t\t<\/div>\n\t\t<div class=\"elementor-element elementor-element-8ee9c33 e-flex e-con-boxed e-con e-parent\" data-id=\"8ee9c33\" data-element_type=\"container\" data-settings=\"{&quot;_ob_use_container_extras&quot;:&quot;no&quot;,&quot;_ob_column_hoveranimator&quot;:&quot;no&quot;,&quot;_ob_glider_is_slider&quot;:&quot;no&quot;,&quot;_ob_column_has_pseudo&quot;:&quot;no&quot;}\">\n\t\t\t\t\t<div class=\"e-con-inner\">\n\t\t\t\t\t<\/div>\n\t\t\t\t<\/div>\n\t\t\t\t<\/div>\n\t\t","protected":false},"excerpt":{"rendered":"<p>Mentions L\u00e9gales \u2013 WOWMOM \u00a0 Derni\u00e8re mise \u00e0 jour : Ao\u00fbt 2025 Conform\u00e9ment aux l\u00e9gislations en vigueur sur le commerce \u00e9lectronique et la protection des donn\u00e9es, voici les informations l\u00e9gales&#8230;<\/p>\n","protected":false},"author":1,"featured_media":0,"parent":0,"menu_order":0,"comment_status":"closed","ping_status":"closed","template":"elementor_header_footer","meta":{"footnotes":""},"class_list":["post-3987","page","type-page","status-publish","hentry"],"_links":{"self":[{"href":"https:\/\/wowmomretreat.com\/index.php\/wp-json\/wp\/v2\/pages\/3987","targetHints":{"allow":["GET"]}}],"collection":[{"href":"https:\/\/wowmomretreat.com\/index.php\/wp-json\/wp\/v2\/pages"}],"about":[{"href":"https:\/\/wowmomretreat.com\/index.php\/wp-json\/wp\/v2\/types\/page"}],"author":[{"embeddable":true,"href":"https:\/\/wowmomretreat.com\/index.php\/wp-json\/wp\/v2\/users\/1"}],"replies":[{"embeddable":true,"href":"https:\/\/wowmomretreat.com\/index.php\/wp-json\/wp\/v2\/comments?post=3987"}],"version-history":[{"count":4,"href":"https:\/\/wowmomretreat.com\/index.php\/wp-json\/wp\/v2\/pages\/3987\/revisions"}],"predecessor-version":[{"id":3994,"href":"https:\/\/wowmomretreat.com\/index.php\/wp-json\/wp\/v2\/pages\/3987\/revisions\/3994"}],"wp:attachment":[{"href":"https:\/\/wowmomretreat.com\/index.php\/wp-json\/wp\/v2\/media?parent=3987"}],"curies":[{"name":"wp","href":"https:\/\/api.w.org\/{rel}","templated":true}]}}