{"id":1403,"date":"2023-10-12T12:40:30","date_gmt":"2023-10-12T12:40:30","guid":{"rendered":"https:\/\/wp1.themevibrant.com\/newwp\/royalking\/?page_id=1403"},"modified":"2025-09-10T20:46:13","modified_gmt":"2025-09-10T18:46:13","slug":"contact","status":"publish","type":"page","link":"https:\/\/wowmomretreat.com\/index.php\/contact\/","title":{"rendered":"Contact"},"content":{"rendered":"\t\t<div data-elementor-type=\"wp-page\" data-elementor-id=\"1403\" class=\"elementor elementor-1403\">\n\t\t\t\t<div class=\"elementor-element elementor-element-6755b09 e-flex e-con-boxed e-con e-parent\" data-id=\"6755b09\" data-element_type=\"container\" data-settings=\"{&quot;_ob_use_container_extras&quot;:&quot;no&quot;,&quot;_ob_column_hoveranimator&quot;:&quot;no&quot;,&quot;_ob_glider_is_slider&quot;:&quot;no&quot;,&quot;_ob_column_has_pseudo&quot;:&quot;no&quot;}\">\n\t\t\t\t\t<div class=\"e-con-inner\">\n\t\t\t\t<div class=\"elementor-element elementor-element-9de9a4b ob-has-background-overlay elementor-widget elementor-widget-royalking_hero_title\" data-id=\"9de9a4b\" data-element_type=\"widget\" data-settings=\"{&quot;_ob_perspektive_use&quot;:&quot;no&quot;,&quot;_ob_poopart_use&quot;:&quot;yes&quot;,&quot;_ob_shadough_use&quot;:&quot;no&quot;,&quot;_ob_allow_hoveranimator&quot;:&quot;no&quot;,&quot;_ob_widget_stalker_use&quot;:&quot;no&quot;}\" data-widget_type=\"royalking_hero_title.default\">\n\t\t\t\t<div class=\"elementor-widget-container\">\n\t\t\t\t\t    \r\n    <div class=\"te-box-title\">\r\n    \t        <div class=\"title__section\">\r\n    \t\t<span class=\"te-subtitle section_heading_title_small\">Contact<\/span>            <h2 class=\"te-title section_heading_title_big royalking-size-default\">Prenez contact avec nous d\u00e8s maintenant !<\/h2>    \t<\/div>\r\n                \r\n\t\t        \r\n    <\/div>\r\n    \r\n    \t\t\t\t<\/div>\n\t\t\t\t<\/div>\n\t\t<div class=\"elementor-element elementor-element-7a9f29b e-flex e-con-boxed e-con e-child\" data-id=\"7a9f29b\" data-element_type=\"container\" data-settings=\"{&quot;_ob_use_container_extras&quot;:&quot;no&quot;,&quot;_ob_column_hoveranimator&quot;:&quot;no&quot;,&quot;_ob_glider_is_slider&quot;:&quot;no&quot;,&quot;_ob_column_has_pseudo&quot;:&quot;no&quot;}\">\n\t\t\t\t\t<div class=\"e-con-inner\">\n\t\t\t\t<div class=\"elementor-element elementor-element-6a3ab84 ob-has-background-overlay elementor-widget elementor-widget-royalking_contact_info\" data-id=\"6a3ab84\" data-element_type=\"widget\" data-settings=\"{&quot;_ob_perspektive_use&quot;:&quot;no&quot;,&quot;_ob_poopart_use&quot;:&quot;yes&quot;,&quot;_ob_shadough_use&quot;:&quot;no&quot;,&quot;_ob_allow_hoveranimator&quot;:&quot;no&quot;,&quot;_ob_widget_stalker_use&quot;:&quot;no&quot;}\" data-widget_type=\"royalking_contact_info.default\">\n\t\t\t\t<div class=\"elementor-widget-container\">\n\t\t\t\t\t\t   \n    <ul class=\"contact-info-1 d-flex flex-wrap mb_40 te-icon-box\">\n                <li>\n            <h4 class=\"fs_20 mb_10 te-title\"><i class=\"te-icon mr_10 fs_18\"><i class=\" icon-27\"><\/i><\/i>Adresse<\/h4>\n            <p class=\"te-text\">Dakar<\/p>\n        <\/li>\n                <li>\n            <h4 class=\"fs_20 mb_10 te-title\"><i class=\"te-icon mr_10 fs_18\"><i class=\" icon-28\"><\/i><\/i>T\u00e9l\u00e9phone<\/h4>\n            <p class=\"te-text\"><a href=\"tel:(+221)77 830 05 74\">(+221)  77 830 05 74<\/a><\/p>\n        <\/li>\n                <li>\n            <h4 class=\"fs_20 mb_10 te-title\"><i class=\"te-icon mr_10 fs_18\"><i class=\" icon-29\"><\/i><\/i>adresse mail<\/h4>\n            <p class=\"te-text\"><a href=\"mailto:retraite.wowmom@gmail.com\">retraite.wowmom@gmail.com\n<\/a><\/p>\n        <\/li>\n            <\/ul>    \n    \n    \t\t\t\t<\/div>\n\t\t\t\t<\/div>\n\t\t\t\t\t<\/div>\n\t\t\t\t<\/div>\n\t\t\t\t\t<\/div>\n\t\t\t\t<\/div>\n\t\t<div class=\"elementor-element elementor-element-2e18af27 e-flex e-con-boxed e-con e-parent\" data-id=\"2e18af27\" data-element_type=\"container\" data-settings=\"{&quot;background_background&quot;:&quot;classic&quot;,&quot;_ob_use_container_extras&quot;:&quot;no&quot;,&quot;_ob_column_hoveranimator&quot;:&quot;no&quot;,&quot;_ob_glider_is_slider&quot;:&quot;no&quot;,&quot;_ob_column_has_pseudo&quot;:&quot;no&quot;}\">\n\t\t\t\t\t<div class=\"e-con-inner\">\n\t\t\t\t<div class=\"elementor-element elementor-element-6b5acc8f elementor-widget-mobile__width-initial ob-has-background-overlay elementor-widget elementor-widget-royalking_hero_title\" data-id=\"6b5acc8f\" data-element_type=\"widget\" data-settings=\"{&quot;_ob_perspektive_use&quot;:&quot;no&quot;,&quot;_ob_poopart_use&quot;:&quot;yes&quot;,&quot;_ob_shadough_use&quot;:&quot;no&quot;,&quot;_ob_allow_hoveranimator&quot;:&quot;no&quot;,&quot;_ob_widget_stalker_use&quot;:&quot;no&quot;}\" data-widget_type=\"royalking_hero_title.default\">\n\t\t\t\t<div class=\"elementor-widget-container\">\n\t\t\t\t\t    \r\n    <div class=\"te-box-title\">\r\n    \t        <div class=\"title__section\">\r\n    \t\t<span class=\"te-subtitle section_heading_title_small\"> \u00c0 propos de la retraite<\/span>            <h2 class=\"te-title section_heading_title_big royalking-size-default\">Merci de nous indiquer comment vous souhaitez \u00eatre recontact\u00e9\u00b7e<\/h2>    \t<\/div>\r\n                \r\n\t\t        \r\n    <\/div>\r\n    \r\n    \t\t\t\t<\/div>\n\t\t\t\t<\/div>\n\t\t<div class=\"elementor-element elementor-element-1d7df03 e-con-full e-flex e-con e-child\" data-id=\"1d7df03\" data-element_type=\"container\" data-settings=\"{&quot;_ob_use_container_extras&quot;:&quot;no&quot;,&quot;_ob_column_hoveranimator&quot;:&quot;no&quot;,&quot;_ob_glider_is_slider&quot;:&quot;no&quot;,&quot;_ob_column_has_pseudo&quot;:&quot;no&quot;}\">\n\t\t\t\t<div class=\"elementor-element elementor-element-ba10501 ob-has-background-overlay elementor-widget elementor-widget-shortcode\" data-id=\"ba10501\" data-element_type=\"widget\" data-settings=\"{&quot;_ob_perspektive_use&quot;:&quot;no&quot;,&quot;_ob_poopart_use&quot;:&quot;yes&quot;,&quot;_ob_shadough_use&quot;:&quot;no&quot;,&quot;_ob_allow_hoveranimator&quot;:&quot;no&quot;,&quot;_ob_widget_stalker_use&quot;:&quot;no&quot;}\" data-widget_type=\"shortcode.default\">\n\t\t\t\t\t\t\t<div class=\"elementor-shortcode\"><div class=\"forminator-ui forminator-custom-form forminator-custom-form-3847 forminator-design--material  forminator_ajax\" data-forminator-render=\"0\" data-form=\"forminator-module-3847\" data-uid=\"69e2212d72143\"><br\/><\/div><form\n\t\t\t\tid=\"forminator-module-3847\"\n\t\t\t\tclass=\"forminator-ui forminator-custom-form forminator-custom-form-3847 forminator-design--material  forminator_ajax\"\n\t\t\t\tmethod=\"post\"\n\t\t\t\tdata-forminator-render=\"0\"\n\t\t\t\tdata-form-id=\"3847\"\n\t\t\t\t\n\t\t\t\tdata-design=\"material\"\n\t\t\t\tdata-color-option=\"default\"\n\t\t\t\t\n\t\t\t\t\n\t\t\t\t\n\t\t\t\tdata-grid=\"open\"\n\t\t\t\t\n\t\t\t\t\n\t\t\t\tstyle=\"display: none;\"\n\t\t\t\t\n\t\t\t\tdata-uid=\"69e2212d72143\"\n\t\t\t><div role=\"alert\" aria-live=\"polite\" class=\"forminator-response-message forminator-error\" aria-hidden=\"true\"><\/div><div class=\"forminator-row\"><div id=\"name-2\" class=\"forminator-field-name forminator-col forminator-col-6 \"><div class=\"forminator-field\"><label for=\"forminator-field-name-2_69e2212d72143\" id=\"forminator-field-name-2_69e2212d72143-label\" class=\"forminator-label\">Pr\u00e9nom <span class=\"forminator-required\">*<\/span><\/label><input type=\"text\" name=\"name-2\" value=\"\" placeholder=\"\" id=\"forminator-field-name-2_69e2212d72143\" class=\"forminator-input forminator-name--field\" aria-required=\"true\" \/><\/div><\/div><div id=\"name-1\" class=\"forminator-field-name forminator-col forminator-col-6 \"><div class=\"forminator-field\"><label for=\"forminator-field-name-1_69e2212d72143\" id=\"forminator-field-name-1_69e2212d72143-label\" class=\"forminator-label\">Nom <span class=\"forminator-required\">*<\/span><\/label><input type=\"text\" name=\"name-1\" value=\"\" placeholder=\"\" id=\"forminator-field-name-1_69e2212d72143\" class=\"forminator-input forminator-name--field\" aria-required=\"true\" \/><\/div><\/div><\/div><div class=\"forminator-row\"><div id=\"phone-2\" class=\"forminator-field-phone forminator-col forminator-col-6 \"><div class=\"forminator-field\"><label for=\"forminator-field-phone-2_69e2212d72143\" id=\"forminator-field-phone-2_69e2212d72143-label\" class=\"forminator-label\">T\u00e9l\u00e9phone <span class=\"forminator-required\">*<\/span><\/label><input type=\"text\" name=\"phone-2\" value=\"\" placeholder=\"\" id=\"forminator-field-phone-2_69e2212d72143\" class=\"forminator-input forminator-field--phone\" data-required=\"1\" aria-required=\"true\" autocomplete=\"off\" \/><\/div><\/div><div id=\"email-1\" class=\"forminator-field-email forminator-col forminator-col-6 \"><div class=\"forminator-field\"><label for=\"forminator-field-email-1_69e2212d72143\" id=\"forminator-field-email-1_69e2212d72143-label\" class=\"forminator-label\">Adresse mail<\/label><input type=\"email\" name=\"email-1\" value=\"\" placeholder=\"\" id=\"forminator-field-email-1_69e2212d72143\" class=\"forminator-input forminator-email--field\" data-required=\"\" aria-required=\"false\" \/><\/div><\/div><\/div><div class=\"forminator-row\"><div id=\"radio-1\" class=\"forminator-field-radio forminator-col forminator-col-12 \"><div role=\"radiogroup\" class=\"forminator-field\" aria-labelledby=\"forminator-radiogroup-radio-1-69e2212d72143-label\"><span id=\"forminator-radiogroup-radio-1-69e2212d72143-label\" class=\"forminator-label\">Que souhaitez-vous ? <span class=\"forminator-required\">*<\/span><\/span><label id=\"forminator-field-radio-1-label-1\" for=\"forminator-field-radio-1-1-69e2212d72143\" class=\"forminator-radio\" title=\"je souhaite recevoir les offres entreprises\"><input type=\"radio\" name=\"radio-1\" value=\"one\" id=\"forminator-field-radio-1-1-69e2212d72143\" aria-labelledby=\"forminator-field-radio-1-label-1\" data-calculation=\"0\"   data-hidden-behavior=\"zero\"\/><span class=\"forminator-radio-bullet\" aria-hidden=\"true\"><\/span><span class=\"forminator-radio-label\">je souhaite recevoir les offres entreprises<\/span><\/label><label id=\"forminator-field-radio-1-label-2\" for=\"forminator-field-radio-1-2-69e2212d72143\" class=\"forminator-radio\" title=\"je souhaite \u00eatre recontact\u00e9\"><input type=\"radio\" name=\"radio-1\" value=\"two\" id=\"forminator-field-radio-1-2-69e2212d72143\" aria-labelledby=\"forminator-field-radio-1-label-2\" data-calculation=\"0\"   data-hidden-behavior=\"zero\"\/><span class=\"forminator-radio-bullet\" aria-hidden=\"true\"><\/span><span class=\"forminator-radio-label\">je souhaite \u00eatre recontact\u00e9<\/span><\/label><\/div><\/div><\/div><div class=\"forminator-row\"><div id=\"textarea-1\" class=\"forminator-field-textarea forminator-col forminator-col-12 \"><div class=\"forminator-field\"><label for=\"forminator-field-textarea-1_69e2212d72143\" id=\"forminator-field-textarea-1_69e2212d72143-label\" class=\"forminator-label\">Laissez une note<\/label><textarea name=\"textarea-1\" placeholder=\"\" id=\"forminator-field-textarea-1_69e2212d72143\" class=\"forminator-textarea\" rows=\"6\" style=\"min-height:140px;\" ><\/textarea><\/div><\/div><\/div><input type=\"hidden\" name=\"referer_url\" value=\"\" \/><div class=\"forminator-row forminator-row-last\"><div class=\"forminator-col\"><div class=\"forminator-field\"><button class=\"forminator-button forminator-button-submit\"><span>Envoyer ma demande<\/span><span aria-hidden=\"true\"><\/span><\/button><\/div><\/div><\/div><input type=\"hidden\" id=\"forminator_nonce\" name=\"forminator_nonce\" value=\"8444d01934\" \/><input type=\"hidden\" name=\"_wp_http_referer\" value=\"\/index.php\/wp-json\/wp\/v2\/pages\/1403\" \/><input type=\"hidden\" name=\"form_id\" value=\"3847\"><input type=\"hidden\" name=\"page_id\" value=\"1403\"><input type=\"hidden\" name=\"form_type\" value=\"default\"><input type=\"hidden\" name=\"current_url\" value=\"https:\/\/wowmomretreat.com\/index.php\/contact\/\"><input type=\"hidden\" name=\"render_id\" value=\"0\"><input type=\"hidden\" name=\"action\" value=\"forminator_submit_form_custom-forms\"><label for=\"input_7\" class=\"forminator-hidden\" aria-hidden=\"true\">Veuillez ne pas remplir ce champ. <input id=\"input_7\" type=\"text\" name=\"input_7\" value=\"\" autocomplete=\"off\"><\/label><\/form><\/div>\n\t\t\t\t\t\t<\/div>\n\t\t\t\t<\/div>\n\t\t\t\t\t<\/div>\n\t\t\t\t<\/div>\n\t\t\t\t<\/div>\n\t\t","protected":false},"excerpt":{"rendered":"<p>Contact Prenez contact avec nous d\u00e8s maintenant ! Adresse Dakar T\u00e9l\u00e9phone (+221) 77 830 05 74 adresse mail retraite.wowmom@gmail.com \u00c0 propos de la retraite Merci de nous indiquer comment vous&#8230;<\/p>\n","protected":false},"author":1,"featured_media":0,"parent":0,"menu_order":0,"comment_status":"closed","ping_status":"closed","template":"elementor_header_footer","meta":{"footnotes":""},"class_list":["post-1403","page","type-page","status-publish","hentry"],"_links":{"self":[{"href":"https:\/\/wowmomretreat.com\/index.php\/wp-json\/wp\/v2\/pages\/1403","targetHints":{"allow":["GET"]}}],"collection":[{"href":"https:\/\/wowmomretreat.com\/index.php\/wp-json\/wp\/v2\/pages"}],"about":[{"href":"https:\/\/wowmomretreat.com\/index.php\/wp-json\/wp\/v2\/types\/page"}],"author":[{"embeddable":true,"href":"https:\/\/wowmomretreat.com\/index.php\/wp-json\/wp\/v2\/users\/1"}],"replies":[{"embeddable":true,"href":"https:\/\/wowmomretreat.com\/index.php\/wp-json\/wp\/v2\/comments?post=1403"}],"version-history":[{"count":78,"href":"https:\/\/wowmomretreat.com\/index.php\/wp-json\/wp\/v2\/pages\/1403\/revisions"}],"predecessor-version":[{"id":4163,"href":"https:\/\/wowmomretreat.com\/index.php\/wp-json\/wp\/v2\/pages\/1403\/revisions\/4163"}],"wp:attachment":[{"href":"https:\/\/wowmomretreat.com\/index.php\/wp-json\/wp\/v2\/media?parent=1403"}],"curies":[{"name":"wp","href":"https:\/\/api.w.org\/{rel}","templated":true}]}}