{"id":1045,"date":"2023-10-11T08:21:19","date_gmt":"2023-10-11T08:21:19","guid":{"rendered":"https:\/\/wp1.themevibrant.com\/newwp\/royalking\/?page_id=1045"},"modified":"2025-09-11T16:12:59","modified_gmt":"2025-09-11T14:12:59","slug":"faqs","status":"publish","type":"page","link":"https:\/\/wowmomretreat.com\/index.php\/faqs\/","title":{"rendered":"Faqs"},"content":{"rendered":"\t\t<div data-elementor-type=\"wp-page\" data-elementor-id=\"1045\" class=\"elementor elementor-1045\">\n\t\t\t\t<div class=\"elementor-element elementor-element-8407861 e-flex e-con-boxed e-con e-parent\" data-id=\"8407861\" data-element_type=\"container\" data-settings=\"{&quot;_ob_use_container_extras&quot;:&quot;no&quot;,&quot;_ob_column_hoveranimator&quot;:&quot;no&quot;,&quot;_ob_glider_is_slider&quot;:&quot;no&quot;,&quot;_ob_column_has_pseudo&quot;:&quot;no&quot;}\">\n\t\t\t\t\t<div class=\"e-con-inner\">\n\t\t<div class=\"elementor-element elementor-element-8032471 e-flex e-con-boxed e-con e-child\" data-id=\"8032471\" data-element_type=\"container\" data-settings=\"{&quot;_ob_use_container_extras&quot;:&quot;no&quot;,&quot;_ob_column_hoveranimator&quot;:&quot;no&quot;,&quot;_ob_glider_is_slider&quot;:&quot;no&quot;,&quot;_ob_column_has_pseudo&quot;:&quot;no&quot;}\">\n\t\t\t\t\t<div class=\"e-con-inner\">\n\t\t\t\t<div class=\"elementor-element elementor-element-add1928 ob-has-background-overlay elementor-widget elementor-widget-royalking_hero_title\" data-id=\"add1928\" data-element_type=\"widget\" data-settings=\"{&quot;_ob_perspektive_use&quot;:&quot;no&quot;,&quot;_ob_poopart_use&quot;:&quot;yes&quot;,&quot;_ob_shadough_use&quot;:&quot;no&quot;,&quot;_ob_allow_hoveranimator&quot;:&quot;no&quot;,&quot;_ob_widget_stalker_use&quot;:&quot;no&quot;}\" data-widget_type=\"royalking_hero_title.default\">\n\t\t\t\t<div class=\"elementor-widget-container\">\n\t\t\t\t\t    \r\n    <div class=\"te-box-title\">\r\n    \t        <div class=\"title__section\">\r\n    \t\t<span class=\"te-subtitle section_heading_title_small\">Vos questions, nos r\u00e9ponses !<\/span>            <h2 class=\"te-title section_heading_title_big royalking-size-default\">Vous h\u00e9sitez encore ? Voici les r\u00e9ponses aux questions les plus fr\u00e9quemment pos\u00e9es par nos mamans avant de rejoindre l\u2019aventure.<\/h2>    \t<\/div>\r\n                \r\n\t\t        \r\n    <\/div>\r\n    \r\n    \t\t\t\t<\/div>\n\t\t\t\t<\/div>\n\t\t\t\t<div class=\"elementor-element elementor-element-06e6f80 ob-has-background-overlay elementor-widget elementor-widget-tp-accordion\" data-id=\"06e6f80\" data-element_type=\"widget\" data-settings=\"{&quot;_ob_perspektive_use&quot;:&quot;no&quot;,&quot;_ob_poopart_use&quot;:&quot;yes&quot;,&quot;_ob_shadough_use&quot;:&quot;no&quot;,&quot;_ob_allow_hoveranimator&quot;:&quot;no&quot;,&quot;_ob_widget_stalker_use&quot;:&quot;no&quot;}\" data-widget_type=\"tp-accordion.default\">\n\t\t\t\t\t\t\t<div class=\"theplus-accordion-wrapper elementor-accordion animate-general\" id=\"accordion69e2219048d38\" data-accordion-id=\"accordion69e2219048d38\" data-accordion-type=\"accordion\" data-toogle-speed=\"300\"  data-animate-type=\"transition.fadeIn\" data-animate-delay=\"50\" data-animate-offset=\"85%\" data-animate-duration=\"50\"  role=\"tablist\">\n\t\t\t\t\t\t\t\n\t\t\t\t<div class=\"theplus-accordion-item\">\n\t\t\t\t\t<div id=\"elementor-tab-title-7231\" class=\"elementor-tab-title plus-accordion-header active-default\" tabindex=\"7231\" data-tab=\"1\" role=\"tab\" aria-controls=\"elementor-tab-content-7231\">\n\t\t\t\t\t\t<span class=\"elementor-accordion-icon elementor-accordion-icon-left\" aria-hidden=\"true\"><i class=\"elementor-accordion-icon-closed fa fa-dot-circle-o\"><\/i><i class=\"elementor-accordion-icon-opened fa fa-remove\"><\/i><\/span><span style=\"width:100%\">Qu\u2019est-ce qui est inclus \/ exclu dans les retraites ?<\/span>\n\t\t\t\t\t<\/div>  \n\n\t\t\t\t\t\t\t\t\t\t\t<div id=\"elementor-tab-content-7231\" class=\"elementor-tab-content elementor-clearfix plus-accordion-content active-default\" data-tab=\"1\" role=\"tabpanel\" aria-labelledby=\"elementor-tab-title-7231\">\n\t\t\t\t\t\t\t<div class=\"plus-content-editor\"><p><b>Inclus :<\/b><\/p><ul><li><span style=\"font-weight: 400\">&#8211; Le transport<\/span><\/li><li><span style=\"font-weight: 400\">&#8211; L\u2019h\u00e9bergement<\/span><\/li><li><span style=\"font-weight: 400\">&#8211; Tous les repas\u00a0<\/span><\/li><li><span style=\"font-weight: 400\">&#8211; Toutes les activit\u00e9s, ateliers, cercles, s\u00e9ances\u00a0<\/span><\/li><li><span style=\"font-weight: 400\">&#8211; Une belle dose de bienveillance et de sororit\u00e9<\/span><\/li><\/ul><p><b>Non inclus :<\/b><\/p><ul><li style=\"font-weight: 400\"><span style=\"font-weight: 400\">Les d\u00e9penses personnelles (souvenirs, achats locaux, etc.)<\/span><\/li><\/ul><p><span style=\"font-weight: 400\">Chaque retraite a sa fiche d\u00e9taill\u00e9e, n\u2019h\u00e9site pas \u00e0 nous demander la brochure !<\/span><\/p><\/div>\n\t\t\t\t\t\t<\/div>\n\t\t\t\t\t\n\t\t\t\t<\/div>\n\n\t\t\t\t\t\t\t\n\t\t\t\t<div class=\"theplus-accordion-item\">\n\t\t\t\t\t<div id=\"elementor-tab-title-7232\" class=\"elementor-tab-title plus-accordion-header no\" tabindex=\"7232\" data-tab=\"2\" role=\"tab\" aria-controls=\"elementor-tab-content-7232\">\n\t\t\t\t\t\t<span class=\"elementor-accordion-icon elementor-accordion-icon-left\" aria-hidden=\"true\"><i class=\"elementor-accordion-icon-closed fa fa-dot-circle-o\"><\/i><i class=\"elementor-accordion-icon-opened fa fa-remove\"><\/i><\/span><span style=\"width:100%\">Peut-on payer en plusieurs fois ?<\/span>\n\t\t\t\t\t<\/div>  \n\n\t\t\t\t\t\t\t\t\t\t\t<div id=\"elementor-tab-content-7232\" class=\"elementor-tab-content elementor-clearfix plus-accordion-content no\" data-tab=\"2\" role=\"tabpanel\" aria-labelledby=\"elementor-tab-title-7232\">\n\t\t\t\t\t\t\t<div class=\"plus-content-editor\"><p><span style=\"font-weight: 400\">Oui, bien s\u00fbr.<\/span><span style=\"font-weight: 400\"><br \/><\/span><span style=\"font-weight: 400\">Nous proposons le paiement en plusieurs fois sans frais (jusqu\u2019\u00e0 3 fois selon les modalit\u00e9s).<\/span><\/p><p><span style=\"font-weight: 400\">Il suffit de nous le pr\u00e9ciser au moment de l\u2019inscription, et nous vous accompagnerons dans le processus.<\/span><\/p><\/div>\n\t\t\t\t\t\t<\/div>\n\t\t\t\t\t\n\t\t\t\t<\/div>\n\n\t\t\t\t\t\t\t\n\t\t\t\t<div class=\"theplus-accordion-item\">\n\t\t\t\t\t<div id=\"elementor-tab-title-7233\" class=\"elementor-tab-title plus-accordion-header no\" tabindex=\"7233\" data-tab=\"3\" role=\"tab\" aria-controls=\"elementor-tab-content-7233\">\n\t\t\t\t\t\t<span class=\"elementor-accordion-icon elementor-accordion-icon-left\" aria-hidden=\"true\"><i class=\"elementor-accordion-icon-closed fa fa-dot-circle-o\"><\/i><i class=\"elementor-accordion-icon-opened fa fa-remove\"><\/i><\/span><span style=\"width:100%\">Peut-on venir seule ?<\/span>\n\t\t\t\t\t<\/div>  \n\n\t\t\t\t\t\t\t\t\t\t\t<div id=\"elementor-tab-content-7233\" class=\"elementor-tab-content elementor-clearfix plus-accordion-content no\" data-tab=\"3\" role=\"tabpanel\" aria-labelledby=\"elementor-tab-title-7233\">\n\t\t\t\t\t\t\t<div class=\"plus-content-editor\"><p><span style=\"font-weight: 400\">Absolument, et beaucoup le font !<\/span><\/p><p><span style=\"font-weight: 400\">Les retraites WowMom sont pens\u00e9es pour cr\u00e9er du lien et un espace s\u00e9curis\u00e9, m\u00eame (et surtout) si l\u2019on vient seule. D\u00e8s les premi\u00e8res heures, une belle dynamique de groupe s\u2019installe.<\/span><\/p><p><span style=\"font-weight: 400\">Tu n\u2019as pas besoin de conna\u00eetre quelqu\u2019un pour te sentir \u00e0 ta place \ud83d\ude09<\/span><\/p><\/div>\n\t\t\t\t\t\t<\/div>\n\t\t\t\t\t\n\t\t\t\t<\/div>\n\n\t\t\t\t\t\t\t\n\t\t\t\t<div class=\"theplus-accordion-item\">\n\t\t\t\t\t<div id=\"elementor-tab-title-7234\" class=\"elementor-tab-title plus-accordion-header no\" tabindex=\"7234\" data-tab=\"4\" role=\"tab\" aria-controls=\"elementor-tab-content-7234\">\n\t\t\t\t\t\t<span class=\"elementor-accordion-icon elementor-accordion-icon-left\" aria-hidden=\"true\"><i class=\"elementor-accordion-icon-closed fa fa-dot-circle-o\"><\/i><i class=\"elementor-accordion-icon-opened fa fa-remove\"><\/i><\/span><span style=\"width:100%\">Peut-on se faire rembourser ?<\/span>\n\t\t\t\t\t<\/div>  \n\n\t\t\t\t\t\t\t\t\t\t\t<div id=\"elementor-tab-content-7234\" class=\"elementor-tab-content elementor-clearfix plus-accordion-content no\" data-tab=\"4\" role=\"tabpanel\" aria-labelledby=\"elementor-tab-title-7234\">\n\t\t\t\t\t\t\t<div class=\"plus-content-editor\"><p><span style=\"font-weight: 400\">L\u2019acompte vers\u00e9 pour r\u00e9server une retraite est <\/span><b>non-remboursable<\/b><span style=\"font-weight: 400\">.<\/span><\/p><ul><li style=\"font-weight: 400\"><b>&#8211; En cas d\u2019annulation plus de 30 jours avant le d\u00e9but de la retraite<\/b><span style=\"font-weight: 400\">, le <\/span><b>solde restant<\/b><span style=\"font-weight: 400\"> (hors acompte) est <\/span><b>rembours\u00e9 int\u00e9gralement<\/b><span style=\"font-weight: 400\">.<\/span><\/li><li style=\"font-weight: 400\"><b>&#8211; En cas d\u2019annulation entre 30 et 15\u00a0 jours avant le d\u00e9but de la retraite<\/b><span style=\"font-weight: 400\">, le <\/span><b>solde restant<\/b><span style=\"font-weight: 400\"> (hors acompte) est <\/span><b>rembours\u00e9 \u00e0 50%<\/b><span style=\"font-weight: 400\">.<\/span><\/li><\/ul><p class=\"\"><b>En cas d\u2019annulation \u00e0 moins de 15 jours<\/b><span style=\"font-weight: 400\">, <\/span><b>aucun remboursement<\/b><span style=\"font-weight: 400\"> ne pourra \u00eatre effectu\u00e9 (acompte + solde).<\/span><\/p><p class=\"\"><span style=\"font-weight: 400\">En cas d\u2019emp\u00eachement, n\u2019h\u00e9sitez pas \u00e0 nous contacter : nous ferons de notre mieux pour trouver une solution humaine et \u00e9quitable.<\/span><\/p><\/div>\n\t\t\t\t\t\t<\/div>\n\t\t\t\t\t\n\t\t\t\t<\/div>\n\n\t\t\t\t\t\t\t\n\t\t\t\t<div class=\"theplus-accordion-item\">\n\t\t\t\t\t<div id=\"elementor-tab-title-7235\" class=\"elementor-tab-title plus-accordion-header no\" tabindex=\"7235\" data-tab=\"5\" role=\"tab\" aria-controls=\"elementor-tab-content-7235\">\n\t\t\t\t\t\t<span class=\"elementor-accordion-icon elementor-accordion-icon-left\" aria-hidden=\"true\"><i class=\"elementor-accordion-icon-closed fa fa-dot-circle-o\"><\/i><i class=\"elementor-accordion-icon-opened fa fa-remove\"><\/i><\/span><span style=\"width:100%\">Dois-je \u00eatre maman pour participer ?<\/span>\n\t\t\t\t\t<\/div>  \n\n\t\t\t\t\t\t\t\t\t\t\t<div id=\"elementor-tab-content-7235\" class=\"elementor-tab-content elementor-clearfix plus-accordion-content no\" data-tab=\"5\" role=\"tabpanel\" aria-labelledby=\"elementor-tab-title-7235\">\n\t\t\t\t\t\t\t<div class=\"plus-content-editor\"><p>Pour les retraites sp\u00e9cialement d\u00e9di\u00e9es aux mamans (retraites <strong>WowMoms<\/strong>), oui il est imp\u00e9ratif d\u2019\u00eatre maman. Pour toutes les autres, pas forc\u00e9ment. Tout est pr\u00e9cis\u00e9 dans les conditions des retraites.<\/p><\/div>\n\t\t\t\t\t\t<\/div>\n\t\t\t\t\t\n\t\t\t\t<\/div>\n\n\t\t\t\t\t\t\t\n\t\t\t\t<div class=\"theplus-accordion-item\">\n\t\t\t\t\t<div id=\"elementor-tab-title-7236\" class=\"elementor-tab-title plus-accordion-header no\" tabindex=\"7236\" data-tab=\"6\" role=\"tab\" aria-controls=\"elementor-tab-content-7236\">\n\t\t\t\t\t\t<span class=\"elementor-accordion-icon elementor-accordion-icon-left\" aria-hidden=\"true\"><i class=\"elementor-accordion-icon-closed fa fa-dot-circle-o\"><\/i><i class=\"elementor-accordion-icon-opened fa fa-remove\"><\/i><\/span><span style=\"width:100%\">\u00c0 partir de quel \u00e2ge puis-je participer ?<\/span>\n\t\t\t\t\t<\/div>  \n\n\t\t\t\t\t\t\t\t\t\t\t<div id=\"elementor-tab-content-7236\" class=\"elementor-tab-content elementor-clearfix plus-accordion-content no\" data-tab=\"6\" role=\"tabpanel\" aria-labelledby=\"elementor-tab-title-7236\">\n\t\t\t\t\t\t\t<div class=\"plus-content-editor\"><p>Pour participer \u00e0 nos retraites, il faut \u00eatre majeur. Nous n\u2019acceptons pas les moins de 18 ans.<\/p><\/div>\n\t\t\t\t\t\t<\/div>\n\t\t\t\t\t\n\t\t\t\t<\/div>\n\n\t\t\t\t\t\t\t\n\t\t\t\t<div class=\"theplus-accordion-item\">\n\t\t\t\t\t<div id=\"elementor-tab-title-7237\" class=\"elementor-tab-title plus-accordion-header no\" tabindex=\"7237\" data-tab=\"7\" role=\"tab\" aria-controls=\"elementor-tab-content-7237\">\n\t\t\t\t\t\t<span class=\"elementor-accordion-icon elementor-accordion-icon-left\" aria-hidden=\"true\"><i class=\"elementor-accordion-icon-closed fa fa-dot-circle-o\"><\/i><i class=\"elementor-accordion-icon-opened fa fa-remove\"><\/i><\/span><span style=\"width:100%\">Dois-je payer un suppl\u00e9ment sur place pour participer \u00e0 une activit\u00e9 ?<\/span>\n\t\t\t\t\t<\/div>  \n\n\t\t\t\t\t\t\t\t\t\t\t<div id=\"elementor-tab-content-7237\" class=\"elementor-tab-content elementor-clearfix plus-accordion-content no\" data-tab=\"7\" role=\"tabpanel\" aria-labelledby=\"elementor-tab-title-7237\">\n\t\t\t\t\t\t\t<div class=\"plus-content-editor\"><p>L\u2019atout de nos retraites est le concept cl\u00e9 en main avec formule all inclusive. Vous ne payez rien sur place, le prix affich\u00e9 correspond \u00e0 l\u2019ensemble des prestations indiqu\u00e9es.<\/p><\/div>\n\t\t\t\t\t\t<\/div>\n\t\t\t\t\t\n\t\t\t\t<\/div>\n\n\t\t\t\t\t\t\t\n\t\t\t\t<div class=\"theplus-accordion-item\">\n\t\t\t\t\t<div id=\"elementor-tab-title-7238\" class=\"elementor-tab-title plus-accordion-header no\" tabindex=\"7238\" data-tab=\"8\" role=\"tab\" aria-controls=\"elementor-tab-content-7238\">\n\t\t\t\t\t\t<span class=\"elementor-accordion-icon elementor-accordion-icon-left\" aria-hidden=\"true\"><i class=\"elementor-accordion-icon-closed fa fa-dot-circle-o\"><\/i><i class=\"elementor-accordion-icon-opened fa fa-remove\"><\/i><\/span><span style=\"width:100%\">Combien \u00e7a co\u00fbte de participer \u00e0 une retraite ?<\/span>\n\t\t\t\t\t<\/div>  \n\n\t\t\t\t\t\t\t\t\t\t\t<div id=\"elementor-tab-content-7238\" class=\"elementor-tab-content elementor-clearfix plus-accordion-content no\" data-tab=\"8\" role=\"tabpanel\" aria-labelledby=\"elementor-tab-title-7238\">\n\t\t\t\t\t\t\t<div class=\"plus-content-editor\"><p>Tout d\u00e9pend du format de la retraite.<\/p><p>Les prix varient en fonction des th\u00e9matiques, prestations et contenu de la retraite.<\/p><\/div>\n\t\t\t\t\t\t<\/div>\n\t\t\t\t\t\n\t\t\t\t<\/div>\n\n\t\t\t\t\t\t\t\n\t\t\t\t<div class=\"theplus-accordion-item\">\n\t\t\t\t\t<div id=\"elementor-tab-title-7239\" class=\"elementor-tab-title plus-accordion-header no\" tabindex=\"7239\" data-tab=\"9\" role=\"tab\" aria-controls=\"elementor-tab-content-7239\">\n\t\t\t\t\t\t<span class=\"elementor-accordion-icon elementor-accordion-icon-left\" aria-hidden=\"true\"><i class=\"elementor-accordion-icon-closed fa fa-dot-circle-o\"><\/i><i class=\"elementor-accordion-icon-opened fa fa-remove\"><\/i><\/span><span style=\"width:100%\">Mon entreprise peut-elle offrir des places pour participer ?<\/span>\n\t\t\t\t\t<\/div>  \n\n\t\t\t\t\t\t\t\t\t\t\t<div id=\"elementor-tab-content-7239\" class=\"elementor-tab-content elementor-clearfix plus-accordion-content no\" data-tab=\"9\" role=\"tabpanel\" aria-labelledby=\"elementor-tab-title-7239\">\n\t\t\t\t\t\t\t<div class=\"plus-content-editor\"><p>Bien entendu. N\u2019h\u00e9sitez pas \u00e0 parler de notre retraite \u00e0 votre entreprise \ud83d\ude09<\/p><p>Invitez-les \u00e0 nous contacter et nous les renseignerons sur les conditions de partenariats et sponsporing.<\/p><\/div>\n\t\t\t\t\t\t<\/div>\n\t\t\t\t\t\n\t\t\t\t<\/div>\n\n\t\t\t\t\t<\/div>\n\t\t\t\t\t\t<\/div>\n\t\t\t\t\t<\/div>\n\t\t\t\t<\/div>\n\t\t\t\t\t<\/div>\n\t\t\t\t<\/div>\n\t\t\t\t<\/div>\n\t\t","protected":false},"excerpt":{"rendered":"<p>Vos questions, nos r\u00e9ponses ! Vous h\u00e9sitez encore ? Voici les r\u00e9ponses aux questions les plus fr\u00e9quemment pos\u00e9es par nos mamans avant de rejoindre l\u2019aventure. Qu\u2019est-ce qui est inclus \/&#8230;<\/p>\n","protected":false},"author":1,"featured_media":0,"parent":0,"menu_order":0,"comment_status":"closed","ping_status":"closed","template":"elementor_header_footer","meta":{"footnotes":""},"class_list":["post-1045","page","type-page","status-publish","hentry"],"_links":{"self":[{"href":"https:\/\/wowmomretreat.com\/index.php\/wp-json\/wp\/v2\/pages\/1045","targetHints":{"allow":["GET"]}}],"collection":[{"href":"https:\/\/wowmomretreat.com\/index.php\/wp-json\/wp\/v2\/pages"}],"about":[{"href":"https:\/\/wowmomretreat.com\/index.php\/wp-json\/wp\/v2\/types\/page"}],"author":[{"embeddable":true,"href":"https:\/\/wowmomretreat.com\/index.php\/wp-json\/wp\/v2\/users\/1"}],"replies":[{"embeddable":true,"href":"https:\/\/wowmomretreat.com\/index.php\/wp-json\/wp\/v2\/comments?post=1045"}],"version-history":[{"count":82,"href":"https:\/\/wowmomretreat.com\/index.php\/wp-json\/wp\/v2\/pages\/1045\/revisions"}],"predecessor-version":[{"id":4250,"href":"https:\/\/wowmomretreat.com\/index.php\/wp-json\/wp\/v2\/pages\/1045\/revisions\/4250"}],"wp:attachment":[{"href":"https:\/\/wowmomretreat.com\/index.php\/wp-json\/wp\/v2\/media?parent=1045"}],"curies":[{"name":"wp","href":"https:\/\/api.w.org\/{rel}","templated":true}]}}